{"id":5558,"date":"2020-11-25T20:46:12","date_gmt":"2020-11-25T18:46:12","guid":{"rendered":"https:\/\/antenasgsm.com\/pro\/?page_id=5558"},"modified":"2020-11-25T20:54:23","modified_gmt":"2020-11-25T18:54:23","slug":"preguntas-frecuentes","status":"publish","type":"page","link":"https:\/\/legacy.antenasgsm.com\/pro\/preguntas-frecuentes\/","title":{"rendered":"Preguntas frecuentes"},"content":{"rendered":"\n<h2 class=\"has-text-align-center wp-block-heading\"><strong>Preguntas frecuentes<\/strong> sobre las <strong>suscripciones <span class=\"has-inline-color has-vivid-red-color\">PRO<\/span><\/strong><\/h2>\n\n\n\n<p class=\"has-large-font-size\"><\/p>\n\n\n            <div class=\"qae-faqs-container qae-faqs-toggle-container\">\n\t\t\t\t\t\t<div id=\"qaef-5574\" class=\"qe-faq-toggle \">\n\t\t\t<div class=\"qe-toggle-title\">\n\t\t\t\t<h4>\n\t\t\t\t\t<i class=\"fa fa-minus-circle\"><\/i> \u00bfEl precio incluye IVA?\t\t\t\t<\/h4>\n\t\t\t<\/div>\n\t\t\t<div class=\"qe-toggle-content\">\n\t\t\t\t\n<p>No. Hay que a\u00f1adir el 21% de IVA a los precios que aparecen en la web, que es el precio final que se cobrar\u00e1 al usuario.<\/p>\n\t\t\t<\/div>\n\t\t<\/div>\n\t\t\t\t<div id=\"qaef-5568\" class=\"qe-faq-toggle \">\n\t\t\t<div class=\"qe-toggle-title\">\n\t\t\t\t<h4>\n\t\t\t\t\t<i class=\"fa fa-minus-circle\"><\/i> \u00bfEs AntenasGSM de pago?\t\t\t\t<\/h4>\n\t\t\t<\/div>\n\t\t\t<div class=\"qe-toggle-content\">\n\t\t\t\t\n<p>No. AntenasGSM siempre tendr\u00e1 una versi\u00f3n gratuita soportada por la publicidad, pero lo cierto es que a partir de un elevado n\u00famero de visitas la API de Google Maps (que permite muchas m\u00e1s fucionalidades como el StreetView, la b\u00fasqueda por direcciones concretas, etc.) tiene un coste econ\u00f3mico elevado, y es por ello que permitimos a los usuarios que as\u00ed lo quieran poder seguir disfrutando de las ventajas de usar el mapa de Google Maps.<\/p>\n\t\t\t<\/div>\n\t\t<\/div>\n\t\t\t\t<div id=\"qaef-5567\" class=\"qe-faq-toggle \">\n\t\t\t<div class=\"qe-toggle-title\">\n\t\t\t\t<h4>\n\t\t\t\t\t<i class=\"fa fa-minus-circle\"><\/i> \u00bfQu\u00e9 m\u00e9todos de pago acept\u00e1is?\t\t\t\t<\/h4>\n\t\t\t<\/div>\n\t\t\t<div class=\"qe-toggle-content\">\n\t\t\t\t\n<p>Actualmente aceptamos pago por tarjeta de cr\u00e9dito. Puedes gestionar la tarjeta usada para tus suscripciones en tu \u00e1rea de cliente de miembro PRO.<\/p>\n\t\t\t<\/div>\n\t\t<\/div>\n\t\t\t\t<div id=\"qaef-5566\" class=\"qe-faq-toggle \">\n\t\t\t<div class=\"qe-toggle-title\">\n\t\t\t\t<h4>\n\t\t\t\t\t<i class=\"fa fa-minus-circle\"><\/i> \u00bfPuedo pedir una factura del servicio?\t\t\t\t<\/h4>\n\t\t\t<\/div>\n\t\t\t<div class=\"qe-toggle-content\">\n\t\t\t\t\n<p>\u00a1Por supuesto! Puedes descargar todas las facturas y gestionar tu m\u00e9todo de pago en el \u00e1rea de cliente de miembro PRO.<\/p>\n\t\t\t<\/div>\n\t\t<\/div>\n\t\t\t\t<div id=\"qaef-5556\" class=\"qe-faq-toggle \">\n\t\t\t<div class=\"qe-toggle-title\">\n\t\t\t\t<h4>\n\t\t\t\t\t<i class=\"fa fa-minus-circle\"><\/i> \u00bfPuedo cancelar la suscripci\u00f3n en cualquier momento?\t\t\t\t<\/h4>\n\t\t\t<\/div>\n\t\t\t<div class=\"qe-toggle-content\">\n\t\t\t\t\n<p>\u00a1Por supuesto! Puedes cancelar el ciclo de facturaci\u00f3n desde tu \u00e1rea de cliente y ya no se te cobrar\u00e1 en el siguiente mes en el caso de las suscripciones mensuales o el siguiente a\u00f1o en el caso de las suscripciones anuales.<\/p>\n\t\t\t<\/div>\n\t\t<\/div>\n\t\t            <\/div>\n\t\t\n\n\n\n<p><\/p>\n","protected":false},"excerpt":{"rendered":"<p>Preguntas frecuentes sobre las suscripciones PRO<\/p>\n","protected":false},"author":1,"featured_media":0,"parent":0,"menu_order":0,"comment_status":"closed","ping_status":"closed","template":"","meta":{"inline_featured_image":false,"footnotes":""},"_links":{"self":[{"href":"https:\/\/legacy.antenasgsm.com\/pro\/wp-json\/wp\/v2\/pages\/5558"}],"collection":[{"href":"https:\/\/legacy.antenasgsm.com\/pro\/wp-json\/wp\/v2\/pages"}],"about":[{"href":"https:\/\/legacy.antenasgsm.com\/pro\/wp-json\/wp\/v2\/types\/page"}],"author":[{"embeddable":true,"href":"https:\/\/legacy.antenasgsm.com\/pro\/wp-json\/wp\/v2\/users\/1"}],"replies":[{"embeddable":true,"href":"https:\/\/legacy.antenasgsm.com\/pro\/wp-json\/wp\/v2\/comments?post=5558"}],"version-history":[{"count":9,"href":"https:\/\/legacy.antenasgsm.com\/pro\/wp-json\/wp\/v2\/pages\/5558\/revisions"}],"predecessor-version":[{"id":5573,"href":"https:\/\/legacy.antenasgsm.com\/pro\/wp-json\/wp\/v2\/pages\/5558\/revisions\/5573"}],"wp:attachment":[{"href":"https:\/\/legacy.antenasgsm.com\/pro\/wp-json\/wp\/v2\/media?parent=5558"}],"curies":[{"name":"wp","href":"https:\/\/api.w.org\/{rel}","templated":true}]}}